{"id":58,"date":"2022-02-08T16:47:00","date_gmt":"2022-02-08T15:47:00","guid":{"rendered":"https:\/\/bielmacia.com\/?page_id=58"},"modified":"2025-02-20T00:11:30","modified_gmt":"2025-02-19T23:11:30","slug":"documentals","status":"publish","type":"page","link":"https:\/\/bielmacia.com\/","title":{"rendered":"DOCUMENTALS"},"content":{"rendered":"\t\t<div data-elementor-type=\"wp-page\" data-elementor-id=\"58\" class=\"elementor elementor-58\" data-elementor-settings=\"[]\">\n\t\t\t\t\t\t\t<div class=\"elementor-section-wrap\">\n\t\t\t\t\t\t\t<section class=\"elementor-section elementor-top-section elementor-element elementor-element-af6eec7 elementor-section-height-min-height elementor-section-items-stretch elementor-section-boxed elementor-section-height-default\" data-id=\"af6eec7\" data-element_type=\"section\">\n\t\t\t\t\t\t<div class=\"elementor-container elementor-column-gap-custom\">\n\t\t\t\t\t<div class=\"elementor-column elementor-col-100 elementor-top-column elementor-element elementor-element-76afd1c\" data-id=\"76afd1c\" data-element_type=\"column\">\n\t\t\t<div class=\"elementor-widget-wrap elementor-element-populated\">\n\t\t\t\t\t\t\t\t<div class=\"elementor-element elementor-element-28331bd elementor-widget elementor-widget-image\" data-id=\"28331bd\" data-element_type=\"widget\" data-widget_type=\"image.default\">\n\t\t\t\t<div class=\"elementor-widget-container\">\n\t\t\t<style>\/*! elementor - v3.5.5 - 03-02-2022 *\/\n.elementor-widget-image{text-align:center}.elementor-widget-image a{display:inline-block}.elementor-widget-image a img[src$=\".svg\"]{width:48px}.elementor-widget-image img{vertical-align:middle;display:inline-block}<\/style>\t\t\t\t\t\t\t\t\t\t\t\t\t<a href=\"https:\/\/bielmacia.com\/index.php\/documentals\/integral-107\/\">\n\t\t\t\t\t\t\t<img loading=\"lazy\" decoding=\"async\" width=\"1808\" height=\"2560\" src=\"https:\/\/bielmacia.com\/wp-content\/uploads\/2024\/10\/POSTER-CATALA-8.10.2024-7-seleccions-scaled.jpg\" class=\"attachment-full size-full\" alt=\"\" srcset=\"https:\/\/bielmacia.com\/wp-content\/uploads\/2024\/10\/POSTER-CATALA-8.10.2024-7-seleccions-scaled.jpg 1808w, https:\/\/bielmacia.com\/wp-content\/uploads\/2024\/10\/POSTER-CATALA-8.10.2024-7-seleccions-212x300.jpg 212w, https:\/\/bielmacia.com\/wp-content\/uploads\/2024\/10\/POSTER-CATALA-8.10.2024-7-seleccions-723x1024.jpg 723w, https:\/\/bielmacia.com\/wp-content\/uploads\/2024\/10\/POSTER-CATALA-8.10.2024-7-seleccions-768x1087.jpg 768w, https:\/\/bielmacia.com\/wp-content\/uploads\/2024\/10\/POSTER-CATALA-8.10.2024-7-seleccions-1085x1536.jpg 1085w, https:\/\/bielmacia.com\/wp-content\/uploads\/2024\/10\/POSTER-CATALA-8.10.2024-7-seleccions-1447x2048.jpg 1447w\" sizes=\"auto, (max-width: 1808px) 100vw, 1808px\" \/>\t\t\t\t\t\t\t\t<\/a>\n\t\t\t\t\t\t\t\t\t\t\t\t\t\t\t<\/div>\n\t\t\t\t<\/div>\n\t\t\t\t<div class=\"elementor-element elementor-element-1aa1784 elementor-widget elementor-widget-image\" data-id=\"1aa1784\" data-element_type=\"widget\" data-widget_type=\"image.default\">\n\t\t\t\t<div class=\"elementor-widget-container\">\n\t\t\t\t\t\t\t\t\t\t\t\t\t\t\t\t<a href=\"https:\/\/bielmacia.com\/index.php\/documentals\/santorini\/\">\n\t\t\t\t\t\t\t<img loading=\"lazy\" decoding=\"async\" width=\"1414\" height=\"2000\" src=\"https:\/\/bielmacia.com\/wp-content\/uploads\/2022\/02\/PORTADA-1.jpg\" class=\"attachment-full size-full\" alt=\"\" srcset=\"https:\/\/bielmacia.com\/wp-content\/uploads\/2022\/02\/PORTADA-1.jpg 1414w, https:\/\/bielmacia.com\/wp-content\/uploads\/2022\/02\/PORTADA-1-212x300.jpg 212w, https:\/\/bielmacia.com\/wp-content\/uploads\/2022\/02\/PORTADA-1-724x1024.jpg 724w, https:\/\/bielmacia.com\/wp-content\/uploads\/2022\/02\/PORTADA-1-768x1086.jpg 768w, https:\/\/bielmacia.com\/wp-content\/uploads\/2022\/02\/PORTADA-1-1086x1536.jpg 1086w\" sizes=\"auto, (max-width: 1414px) 100vw, 1414px\" \/>\t\t\t\t\t\t\t\t<\/a>\n\t\t\t\t\t\t\t\t\t\t\t\t\t\t\t<\/div>\n\t\t\t\t<\/div>\n\t\t\t\t<div class=\"elementor-element elementor-element-538d346 e-transform e-transform e-transform elementor-widget elementor-widget-image\" data-id=\"538d346\" data-element_type=\"widget\" data-settings=\"{&quot;_transform_translateY_effect&quot;:{&quot;unit&quot;:&quot;px&quot;,&quot;size&quot;:11,&quot;sizes&quot;:[]},&quot;_transform_scaleY_effect&quot;:{&quot;unit&quot;:&quot;px&quot;,&quot;size&quot;:1.028,&quot;sizes&quot;:[]},&quot;_transform_skewY_effect&quot;:{&quot;unit&quot;:&quot;px&quot;,&quot;size&quot;:0,&quot;sizes&quot;:[]},&quot;_transform_translateX_effect&quot;:{&quot;unit&quot;:&quot;px&quot;,&quot;size&quot;:&quot;&quot;,&quot;sizes&quot;:[]},&quot;_transform_translateX_effect_tablet&quot;:{&quot;unit&quot;:&quot;px&quot;,&quot;size&quot;:&quot;&quot;,&quot;sizes&quot;:[]},&quot;_transform_translateX_effect_mobile&quot;:{&quot;unit&quot;:&quot;px&quot;,&quot;size&quot;:&quot;&quot;,&quot;sizes&quot;:[]},&quot;_transform_translateY_effect_tablet&quot;:{&quot;unit&quot;:&quot;px&quot;,&quot;size&quot;:&quot;&quot;,&quot;sizes&quot;:[]},&quot;_transform_translateY_effect_mobile&quot;:{&quot;unit&quot;:&quot;px&quot;,&quot;size&quot;:&quot;&quot;,&quot;sizes&quot;:[]},&quot;_transform_scaleX_effect&quot;:{&quot;unit&quot;:&quot;px&quot;,&quot;size&quot;:&quot;&quot;,&quot;sizes&quot;:[]},&quot;_transform_scaleX_effect_tablet&quot;:{&quot;unit&quot;:&quot;px&quot;,&quot;size&quot;:&quot;&quot;,&quot;sizes&quot;:[]},&quot;_transform_scaleX_effect_mobile&quot;:{&quot;unit&quot;:&quot;px&quot;,&quot;size&quot;:&quot;&quot;,&quot;sizes&quot;:[]},&quot;_transform_scaleY_effect_tablet&quot;:{&quot;unit&quot;:&quot;px&quot;,&quot;size&quot;:&quot;&quot;,&quot;sizes&quot;:[]},&quot;_transform_scaleY_effect_mobile&quot;:{&quot;unit&quot;:&quot;px&quot;,&quot;size&quot;:&quot;&quot;,&quot;sizes&quot;:[]},&quot;_transform_skewX_effect&quot;:{&quot;unit&quot;:&quot;px&quot;,&quot;size&quot;:&quot;&quot;,&quot;sizes&quot;:[]},&quot;_transform_skewX_effect_tablet&quot;:{&quot;unit&quot;:&quot;px&quot;,&quot;size&quot;:&quot;&quot;,&quot;sizes&quot;:[]},&quot;_transform_skewX_effect_mobile&quot;:{&quot;unit&quot;:&quot;px&quot;,&quot;size&quot;:&quot;&quot;,&quot;sizes&quot;:[]},&quot;_transform_skewY_effect_tablet&quot;:{&quot;unit&quot;:&quot;px&quot;,&quot;size&quot;:&quot;&quot;,&quot;sizes&quot;:[]},&quot;_transform_skewY_effect_mobile&quot;:{&quot;unit&quot;:&quot;px&quot;,&quot;size&quot;:&quot;&quot;,&quot;sizes&quot;:[]}}\" data-widget_type=\"image.default\">\n\t\t\t\t<div class=\"elementor-widget-container\">\n\t\t\t\t\t\t\t\t\t\t\t\t\t\t\t\t<a href=\"https:\/\/bielmacia.com\/index.php\/documentals\/tanzania\/\">\n\t\t\t\t\t\t\t<img loading=\"lazy\" decoding=\"async\" width=\"1752\" height=\"2560\" src=\"https:\/\/bielmacia.com\/wp-content\/uploads\/2022\/02\/PORTADA.00_00_34_22.Imagen-fija009-scaled.jpg\" class=\"attachment-full size-full\" alt=\"\" srcset=\"https:\/\/bielmacia.com\/wp-content\/uploads\/2022\/02\/PORTADA.00_00_34_22.Imagen-fija009-scaled.jpg 1752w, https:\/\/bielmacia.com\/wp-content\/uploads\/2022\/02\/PORTADA.00_00_34_22.Imagen-fija009-205x300.jpg 205w, https:\/\/bielmacia.com\/wp-content\/uploads\/2022\/02\/PORTADA.00_00_34_22.Imagen-fija009-701x1024.jpg 701w, https:\/\/bielmacia.com\/wp-content\/uploads\/2022\/02\/PORTADA.00_00_34_22.Imagen-fija009-768x1122.jpg 768w, https:\/\/bielmacia.com\/wp-content\/uploads\/2022\/02\/PORTADA.00_00_34_22.Imagen-fija009-1051x1536.jpg 1051w, https:\/\/bielmacia.com\/wp-content\/uploads\/2022\/02\/PORTADA.00_00_34_22.Imagen-fija009-1402x2048.jpg 1402w\" sizes=\"auto, (max-width: 1752px) 100vw, 1752px\" \/>\t\t\t\t\t\t\t\t<\/a>\n\t\t\t\t\t\t\t\t\t\t\t\t\t\t\t<\/div>\n\t\t\t\t<\/div>\n\t\t\t\t<div class=\"elementor-element elementor-element-a944852 elementor-widget elementor-widget-image\" data-id=\"a944852\" data-element_type=\"widget\" data-widget_type=\"image.default\">\n\t\t\t\t<div class=\"elementor-widget-container\">\n\t\t\t\t\t\t\t\t\t\t\t\t\t\t\t\t<a href=\"https:\/\/bielmacia.com\/index.php\/documentals\/paris\/\">\n\t\t\t\t\t\t\t<img loading=\"lazy\" decoding=\"async\" width=\"900\" height=\"1600\" src=\"https:\/\/bielmacia.com\/wp-content\/uploads\/2023\/11\/Untitled-design.jpg\" class=\"attachment-full size-full\" alt=\"\" srcset=\"https:\/\/bielmacia.com\/wp-content\/uploads\/2023\/11\/Untitled-design.jpg 900w, https:\/\/bielmacia.com\/wp-content\/uploads\/2023\/11\/Untitled-design-169x300.jpg 169w, https:\/\/bielmacia.com\/wp-content\/uploads\/2023\/11\/Untitled-design-576x1024.jpg 576w, https:\/\/bielmacia.com\/wp-content\/uploads\/2023\/11\/Untitled-design-768x1365.jpg 768w, https:\/\/bielmacia.com\/wp-content\/uploads\/2023\/11\/Untitled-design-864x1536.jpg 864w\" sizes=\"auto, (max-width: 900px) 100vw, 900px\" \/>\t\t\t\t\t\t\t\t<\/a>\n\t\t\t\t\t\t\t\t\t\t\t\t\t\t\t<\/div>\n\t\t\t\t<\/div>\n\t\t\t\t\t<\/div>\n\t\t<\/div>\n\t\t\t\t\t\t\t<\/div>\n\t\t<\/section>\n\t\t\t\t<section class=\"elementor-section elementor-top-section elementor-element elementor-element-ffcf684 elementor-section-boxed elementor-section-height-default elementor-section-height-default\" data-id=\"ffcf684\" data-element_type=\"section\">\n\t\t\t\t\t\t<div class=\"elementor-container elementor-column-gap-default\">\n\t\t\t\t\t<div class=\"elementor-column elementor-col-100 elementor-top-column elementor-element elementor-element-4696247\" data-id=\"4696247\" data-element_type=\"column\">\n\t\t\t<div class=\"elementor-widget-wrap elementor-element-populated\">\n\t\t\t\t\t\t\t\t<div class=\"elementor-element elementor-element-7323825 elementor-tabs-view-horizontal elementor-widget elementor-widget-tabs\" data-id=\"7323825\" data-element_type=\"widget\" data-widget_type=\"tabs.default\">\n\t\t\t\t<div class=\"elementor-widget-container\">\n\t\t\t<style>.elementor-widget-tabs.elementor-tabs-view-vertical .elementor-tabs-wrapper{width:25%;-ms-flex-negative:0;flex-shrink:0}.elementor-widget-tabs.elementor-tabs-view-vertical .elementor-tab-desktop-title.elementor-active{border-right-style:none}.elementor-widget-tabs.elementor-tabs-view-vertical .elementor-tab-desktop-title.elementor-active:after,.elementor-widget-tabs.elementor-tabs-view-vertical .elementor-tab-desktop-title.elementor-active:before{height:999em;width:0;right:0;border-right-style:solid}.elementor-widget-tabs.elementor-tabs-view-vertical .elementor-tab-desktop-title.elementor-active:before{top:0;-webkit-transform:translateY(-100%);-ms-transform:translateY(-100%);transform:translateY(-100%)}.elementor-widget-tabs.elementor-tabs-view-vertical .elementor-tab-desktop-title.elementor-active:after{top:100%}.elementor-widget-tabs.elementor-tabs-view-horizontal .elementor-tab-desktop-title{display:table-cell}.elementor-widget-tabs.elementor-tabs-view-horizontal .elementor-tab-desktop-title.elementor-active{border-bottom-style:none}.elementor-widget-tabs.elementor-tabs-view-horizontal .elementor-tab-desktop-title.elementor-active:after,.elementor-widget-tabs.elementor-tabs-view-horizontal .elementor-tab-desktop-title.elementor-active:before{bottom:0;height:0;width:999em;border-bottom-style:solid}.elementor-widget-tabs.elementor-tabs-view-horizontal .elementor-tab-desktop-title.elementor-active:before{right:100%}.elementor-widget-tabs.elementor-tabs-view-horizontal .elementor-tab-desktop-title.elementor-active:after{left:100%}.elementor-widget-tabs .elementor-tab-content,.elementor-widget-tabs .elementor-tab-title,.elementor-widget-tabs .elementor-tab-title:after,.elementor-widget-tabs .elementor-tab-title:before,.elementor-widget-tabs .elementor-tabs-content-wrapper{border:1px #d4d4d4}.elementor-widget-tabs .elementor-tabs{text-align:left}.elementor-widget-tabs .elementor-tabs-wrapper{overflow:hidden}.elementor-widget-tabs .elementor-tab-title{cursor:pointer;outline:var(--focus-outline,none)}.elementor-widget-tabs .elementor-tab-desktop-title{position:relative;padding:20px 25px;font-weight:700;line-height:1;border:solid transparent}.elementor-widget-tabs .elementor-tab-desktop-title.elementor-active{border-color:#d4d4d4}.elementor-widget-tabs .elementor-tab-desktop-title.elementor-active:after,.elementor-widget-tabs .elementor-tab-desktop-title.elementor-active:before{display:block;content:\"\";position:absolute}.elementor-widget-tabs .elementor-tab-mobile-title{padding:10px;cursor:pointer}.elementor-widget-tabs .elementor-tab-content{padding:20px;display:none}@media (max-width:20px){.elementor-tabs .elementor-tab-content,.elementor-tabs .elementor-tab-title{border-style:solid solid none}.elementor-tabs .elementor-tabs-wrapper{display:none}.elementor-tabs .elementor-tabs-content-wrapper{border-bottom-style:solid}.elementor-tabs .elementor-tab-content{padding:10px}}@media (min-width:21px){.elementor-widget-tabs.elementor-tabs-view-vertical .elementor-tabs{display:-webkit-box;display:-ms-flexbox;display:flex}.elementor-widget-tabs.elementor-tabs-view-vertical .elementor-tabs-wrapper{-webkit-box-orient:vertical;-webkit-box-direction:normal;-ms-flex-direction:column;flex-direction:column}.elementor-widget-tabs.elementor-tabs-view-vertical .elementor-tabs-content-wrapper{-webkit-box-flex:1;-ms-flex-positive:1;flex-grow:1;border-style:solid solid solid none}.elementor-widget-tabs.elementor-tabs-view-horizontal .elementor-tab-content{border-style:none solid solid}.elementor-widget-tabs.elementor-tabs-alignment-center .elementor-tabs-wrapper,.elementor-widget-tabs.elementor-tabs-alignment-end .elementor-tabs-wrapper,.elementor-widget-tabs.elementor-tabs-alignment-stretch .elementor-tabs-wrapper{display:-webkit-box;display:-ms-flexbox;display:flex}.elementor-widget-tabs.elementor-tabs-alignment-center .elementor-tabs-wrapper{-webkit-box-pack:center;-ms-flex-pack:center;justify-content:center}.elementor-widget-tabs.elementor-tabs-alignment-end .elementor-tabs-wrapper{-webkit-box-pack:end;-ms-flex-pack:end;justify-content:flex-end}.elementor-widget-tabs.elementor-tabs-alignment-stretch.elementor-tabs-view-horizontal .elementor-tab-title{width:100%}.elementor-widget-tabs.elementor-tabs-alignment-stretch.elementor-tabs-view-vertical .elementor-tab-title{height:100%}.elementor-tabs .elementor-tab-mobile-title{display:none}}<\/style>\t\t<div class=\"elementor-tabs\">\n\t\t\t<div class=\"elementor-tabs-wrapper\" role=\"tablist\" >\n\t\t\t\t\t\t\t\t\t<div id=\"elementor-tab-title-1201\" class=\"elementor-tab-title elementor-tab-desktop-title\" aria-selected=\"true\" data-tab=\"1\" role=\"tab\" tabindex=\"0\" aria-controls=\"elementor-tab-content-1201\" aria-expanded=\"false\">PREMIS<\/div>\n\t\t\t\t\t\t\t\t\t<div id=\"elementor-tab-title-1202\" class=\"elementor-tab-title elementor-tab-desktop-title\" aria-selected=\"false\" data-tab=\"2\" role=\"tab\" tabindex=\"-1\" aria-controls=\"elementor-tab-content-1202\" aria-expanded=\"false\">SELECCIONS<\/div>\n\t\t\t\t\t\t\t<\/div>\n\t\t\t<div class=\"elementor-tabs-content-wrapper\" role=\"tablist\" aria-orientation=\"vertical\">\n\t\t\t\t\t\t\t\t\t<div class=\"elementor-tab-title elementor-tab-mobile-title\" aria-selected=\"true\" data-tab=\"1\" role=\"tab\" tabindex=\"0\" aria-controls=\"elementor-tab-content-1201\" aria-expanded=\"false\">PREMIS<\/div>\n\t\t\t\t\t<div id=\"elementor-tab-content-1201\" class=\"elementor-tab-content elementor-clearfix\" data-tab=\"1\" role=\"tabpanel\" aria-labelledby=\"elementor-tab-title-1201\" tabindex=\"0\" hidden=\"false\"><p><span style=\"text-align: center;\">VOC, Millor documental<\/span><br style=\"text-align: center;\" \/><span style=\"text-align: center;\">VOC, M\u00e9s taquiller<\/span><br style=\"text-align: center;\" \/><span style=\"text-align: center;\">FerFilm, Menci\u00f3 especial<\/span><br style=\"text-align: center;\" \/><span style=\"text-align: center;\">Miquel F\u00e0brega, Menci\u00f3 ritme i edici\u00f3<\/span><br style=\"text-align: center;\" \/><span style=\"text-align: center;\">BCN Sport film festival, Millor producci\u00f3 d&#8217;esports d&#8217;aventura<\/span><br style=\"text-align: center;\" \/><span style=\"text-align: center;\">Miquel F\u00e0brega, Millor documental de viatges<\/span><br style=\"text-align: center;\" \/><span style=\"text-align: center;\">Parkour film festival, Millor documental<\/span><br style=\"text-align: center;\" \/><span style=\"text-align: center;\">Overtime Sport FilmFestival, Millor fotografia<\/span><br style=\"text-align: center;\" \/><span style=\"text-align: center;\">Miquel F\u00e0brega, Millor documental d&#8217;esport<\/span><br style=\"text-align: center;\" \/><span style=\"text-align: center;\">Portobello Film Festival, Millor documental internacional<\/span><\/p><\/div>\n\t\t\t\t\t\t\t\t\t<div class=\"elementor-tab-title elementor-tab-mobile-title\" aria-selected=\"false\" data-tab=\"2\" role=\"tab\" tabindex=\"-1\" aria-controls=\"elementor-tab-content-1202\" aria-expanded=\"false\">SELECCIONS<\/div>\n\t\t\t\t\t<div id=\"elementor-tab-content-1202\" class=\"elementor-tab-content elementor-clearfix\" data-tab=\"2\" role=\"tabpanel\" aria-labelledby=\"elementor-tab-title-1202\" tabindex=\"0\" hidden=\"hidden\"><p><span style=\"color: var( --e-global-color-text ); font-family: var( --e-global-typography-text-font-family ), Sans-serif; font-weight: var( --e-global-typography-text-font-weight ); background-color: var(--base-2);\">BCN film Festiva &#8211; Sant Jordi<br \/>Premis Voc<br \/><\/span>BCN sport film festival (2)<br \/>Festival de Cortos Internacional de S\u00f2ria<br \/>FILMETS Badalona film festival<span style=\"color: var( --e-global-color-text ); font-family: var( --e-global-typography-text-font-family ), Sans-serif; font-weight: var( --e-global-typography-text-font-weight ); background-color: var(--base-2);\"><br \/>Premis Miquel F\u00e0brega (3)<br \/>Ferfilm International FilmFestival (2)<br \/><\/span><span style=\"color: var( --e-global-color-text ); font-family: var( --e-global-typography-text-font-family ), Sans-serif; font-weight: var( --e-global-typography-text-font-weight ); background-color: var(--base-2);\">Roll Festival<br \/>Liberec sport film festival<br \/><\/span>International Ethnographyc Festival<br \/>International independent film festival Publicystyka (2)<br \/>Muestra Internacional de Cortometrajes Video\/Jujuy\/Cortos<br \/>Festival de Cine de Palencia<br \/>Short film catalogue (2)<br \/>Premis Castellix de curtmetratges en Catal\u00e0<br \/>Mostra de Curtmetratges Dr.Mabuse<br \/>Certamen de Cortometrages Decorto\u00e1n Joven<br \/>Etnovideogr\u00e1fica<br \/>Festival de Cine Almirante Brown<br \/>Matera sport film festival<br \/><span style=\"color: var( --e-global-color-text ); font-family: var( --e-global-typography-text-font-family ), Sans-serif; font-weight: var( --e-global-typography-text-font-weight ); background-color: var(--base-2);\">Enkarzine<br \/><\/span><span style=\"background-color: var(--base-2); color: var( --e-global-color-text ); font-family: var( --e-global-typography-text-font-family ), Sans-serif; font-weight: var( --e-global-typography-text-font-weight );\">Aaretaler Kurzfilmtage<br \/><\/span><span style=\"color: var( --e-global-color-text ); font-family: var( --e-global-typography-text-font-family ), Sans-serif; font-weight: var( --e-global-typography-text-font-weight ); background-color: var(--base-2);\">Festival de cinema de Girona<br \/><\/span><span style=\"color: var( --e-global-color-text ); font-family: var( --e-global-typography-text-font-family ), Sans-serif; font-weight: var( --e-global-typography-text-font-weight ); background-color: var(--base-2);\">MOST, Festival Internacional de cine del vino<br \/><\/span><span style=\"color: var( --e-global-color-text ); font-family: var( --e-global-typography-text-font-family ), Sans-serif; font-weight: var( --e-global-typography-text-font-weight ); background-color: var(--base-2);\">Overtime Sport film festival<br \/><\/span><span style=\"color: var( --e-global-color-text ); font-family: var( --e-global-typography-text-font-family ), Sans-serif; font-weight: var( --e-global-typography-text-font-weight ); background-color: var(--base-2);\">CreaSport de Lorca<br \/><\/span><span style=\"color: var( --e-global-color-text ); font-family: var( --e-global-typography-text-font-family ), Sans-serif; font-weight: var( --e-global-typography-text-font-weight ); background-color: var(--base-2);\">Ribadedeva en corto-rec<br \/><\/span><span style=\"color: var( --e-global-color-text ); font-family: var( --e-global-typography-text-font-family ), Sans-serif; font-weight: var( --e-global-typography-text-font-weight ); background-color: var(--base-2);\">Festival de Cine comprometido Guadalajara<br \/><\/span><span style=\"color: var( --e-global-color-text ); font-family: var( --e-global-typography-text-font-family ), Sans-serif; font-weight: var( --e-global-typography-text-font-weight ); background-color: var(--base-2);\">Portobello film festival<br \/><\/span><span style=\"color: var( --e-global-color-text ); font-family: var( --e-global-typography-text-font-family ), Sans-serif; font-weight: var( --e-global-typography-text-font-weight ); background-color: var(--base-2);\">Star Film festival<br \/><\/span><span style=\"color: var( --e-global-color-text ); font-family: var( --e-global-typography-text-font-family ), Sans-serif; font-weight: var( --e-global-typography-text-font-weight ); background-color: var(--base-2);\">Pop corn film festival<br \/><\/span><span style=\"color: var( --e-global-color-text ); font-family: var( --e-global-typography-text-font-family ), Sans-serif; font-weight: var( --e-global-typography-text-font-weight ); background-color: var(--base-2);\">M\u00f3n filmat, Festival Internacional de paisatge<br \/><\/span><span style=\"color: var( --e-global-color-text ); font-family: var( --e-global-typography-text-font-family ), Sans-serif; font-weight: var( --e-global-typography-text-font-weight ); background-color: var(--base-2);\">Andaras traveling film festival<br \/><\/span><span style=\"color: var( --e-global-color-text ); font-family: var( --e-global-typography-text-font-family ), Sans-serif; font-weight: var( --e-global-typography-text-font-weight ); background-color: var(--base-2);\">Festibaldo, barri Sant Roc<br \/><\/span><span style=\"color: var( --e-global-color-text ); font-family: var( --e-global-typography-text-font-family ), Sans-serif; font-weight: var( --e-global-typography-text-font-weight ); background-color: var(--base-2);\">Festiva de cinema en Catal\u00e0 Costa Daurada<\/span><\/p><\/div>\n\t\t\t\t\t\t\t<\/div>\n\t\t<\/div>\n\t\t\t\t<\/div>\n\t\t\t\t<\/div>\n\t\t\t\t\t<\/div>\n\t\t<\/div>\n\t\t\t\t\t\t\t<\/div>\n\t\t<\/section>\n\t\t\t\t\t\t<\/div>\n\t\t\t\t\t<\/div>\n\t\t","protected":false},"excerpt":{"rendered":"<p>PREMIS SELECCIONS PREMIS VOC, Millor documentalVOC, M\u00e9s taquillerFerFilm, Menci\u00f3 especialMiquel F\u00e0brega, Menci\u00f3 ritme i edici\u00f3BCN Sport film festival, Millor producci\u00f3 d&#8217;esports d&#8217;aventuraMiquel F\u00e0brega, Millor documental de viatgesParkour film festival, Millor documentalOvertime Sport FilmFestival, Millor fotografiaMiquel F\u00e0brega, Millor documental d&#8217;esportPortobello Film Festival, Millor documental internacional SELECCIONS BCN film Festiva &#8211; Sant JordiPremis VocBCN sport film festival &#8230; <a title=\"DOCUMENTALS\" class=\"read-more\" href=\"https:\/\/bielmacia.com\/\" aria-label=\"M\u00e9s sobre DOCUMENTALS\">Llegiu m\u00e9s<\/a><\/p>\n","protected":false},"author":1,"featured_media":0,"parent":0,"menu_order":0,"comment_status":"closed","ping_status":"closed","template":"elementor_header_footer","meta":{"footnotes":""},"class_list":["post-58","page","type-page","status-publish"],"_links":{"self":[{"href":"https:\/\/bielmacia.com\/index.php\/wp-json\/wp\/v2\/pages\/58","targetHints":{"allow":["GET"]}}],"collection":[{"href":"https:\/\/bielmacia.com\/index.php\/wp-json\/wp\/v2\/pages"}],"about":[{"href":"https:\/\/bielmacia.com\/index.php\/wp-json\/wp\/v2\/types\/page"}],"author":[{"embeddable":true,"href":"https:\/\/bielmacia.com\/index.php\/wp-json\/wp\/v2\/users\/1"}],"replies":[{"embeddable":true,"href":"https:\/\/bielmacia.com\/index.php\/wp-json\/wp\/v2\/comments?post=58"}],"version-history":[{"count":190,"href":"https:\/\/bielmacia.com\/index.php\/wp-json\/wp\/v2\/pages\/58\/revisions"}],"predecessor-version":[{"id":3117,"href":"https:\/\/bielmacia.com\/index.php\/wp-json\/wp\/v2\/pages\/58\/revisions\/3117"}],"wp:attachment":[{"href":"https:\/\/bielmacia.com\/index.php\/wp-json\/wp\/v2\/media?parent=58"}],"curies":[{"name":"wp","href":"https:\/\/api.w.org\/{rel}","templated":true}]}}