{"id":267,"date":"2022-02-08T03:03:32","date_gmt":"2022-02-08T02:03:32","guid":{"rendered":"https:\/\/bielmacia.com\/?page_id=267"},"modified":"2023-11-15T00:46:13","modified_gmt":"2023-11-14T23:46:13","slug":"tanzania","status":"publish","type":"page","link":"https:\/\/bielmacia.com\/index.php\/documentals\/tanzania\/","title":{"rendered":"TANZ\u00c0NIA"},"content":{"rendered":"\t\t<div data-elementor-type=\"wp-page\" data-elementor-id=\"267\" class=\"elementor elementor-267\" data-elementor-settings=\"[]\">\n\t\t\t\t\t\t\t<div class=\"elementor-section-wrap\">\n\t\t\t\t\t\t\t<section class=\"elementor-section elementor-top-section elementor-element elementor-element-c5852de elementor-section-boxed elementor-section-height-default elementor-section-height-default\" data-id=\"c5852de\" data-element_type=\"section\">\n\t\t\t\t\t\t<div class=\"elementor-container elementor-column-gap-default\">\n\t\t\t\t\t<div class=\"elementor-column elementor-col-100 elementor-top-column elementor-element elementor-element-3e0a10c\" data-id=\"3e0a10c\" data-element_type=\"column\">\n\t\t\t<div class=\"elementor-widget-wrap elementor-element-populated\">\n\t\t\t\t\t\t\t\t<div class=\"elementor-element elementor-element-8aaeff6 elementor-widget elementor-widget-image\" data-id=\"8aaeff6\" data-element_type=\"widget\" data-widget_type=\"image.default\">\n\t\t\t\t<div class=\"elementor-widget-container\">\n\t\t\t<style>\/*! elementor - v3.5.5 - 03-02-2022 *\/\n.elementor-widget-image{text-align:center}.elementor-widget-image a{display:inline-block}.elementor-widget-image a img[src$=\".svg\"]{width:48px}.elementor-widget-image img{vertical-align:middle;display:inline-block}<\/style>\t\t\t\t\t\t\t\t\t\t\t\t<img loading=\"lazy\" decoding=\"async\" width=\"701\" height=\"1024\" src=\"https:\/\/bielmacia.com\/wp-content\/uploads\/2022\/02\/PORTADA.00_00_34_22.Imagen-fija009-2-701x1024.jpg\" class=\"attachment-large size-large\" alt=\"\" srcset=\"https:\/\/bielmacia.com\/wp-content\/uploads\/2022\/02\/PORTADA.00_00_34_22.Imagen-fija009-2-701x1024.jpg 701w, https:\/\/bielmacia.com\/wp-content\/uploads\/2022\/02\/PORTADA.00_00_34_22.Imagen-fija009-2-205x300.jpg 205w, https:\/\/bielmacia.com\/wp-content\/uploads\/2022\/02\/PORTADA.00_00_34_22.Imagen-fija009-2-768x1122.jpg 768w, https:\/\/bielmacia.com\/wp-content\/uploads\/2022\/02\/PORTADA.00_00_34_22.Imagen-fija009-2-1051x1536.jpg 1051w, https:\/\/bielmacia.com\/wp-content\/uploads\/2022\/02\/PORTADA.00_00_34_22.Imagen-fija009-2-1402x2048.jpg 1402w, https:\/\/bielmacia.com\/wp-content\/uploads\/2022\/02\/PORTADA.00_00_34_22.Imagen-fija009-2-scaled.jpg 1752w\" sizes=\"auto, (max-width: 701px) 100vw, 701px\" \/>\t\t\t\t\t\t\t\t\t\t\t\t\t\t\t<\/div>\n\t\t\t\t<\/div>\n\t\t\t\t\t<\/div>\n\t\t<\/div>\n\t\t\t\t\t\t\t<\/div>\n\t\t<\/section>\n\t\t\t\t<section class=\"elementor-section elementor-top-section elementor-element elementor-element-ba4de83 elementor-section-boxed elementor-section-height-default elementor-section-height-default\" data-id=\"ba4de83\" data-element_type=\"section\">\n\t\t\t\t\t\t<div class=\"elementor-container elementor-column-gap-default\">\n\t\t\t\t\t<div class=\"elementor-column elementor-col-100 elementor-top-column elementor-element elementor-element-0bb9327\" data-id=\"0bb9327\" data-element_type=\"column\">\n\t\t\t<div class=\"elementor-widget-wrap elementor-element-populated\">\n\t\t\t\t\t\t\t\t<div class=\"elementor-element elementor-element-c29fb8b elementor-widget elementor-widget-text-editor\" data-id=\"c29fb8b\" data-element_type=\"widget\" data-widget_type=\"text-editor.default\">\n\t\t\t\t<div class=\"elementor-widget-container\">\n\t\t\t<style>\/*! elementor - v3.5.5 - 03-02-2022 *\/\n.elementor-widget-text-editor.elementor-drop-cap-view-stacked .elementor-drop-cap{background-color:#818a91;color:#fff}.elementor-widget-text-editor.elementor-drop-cap-view-framed .elementor-drop-cap{color:#818a91;border:3px solid;background-color:transparent}.elementor-widget-text-editor:not(.elementor-drop-cap-view-default) .elementor-drop-cap{margin-top:8px}.elementor-widget-text-editor:not(.elementor-drop-cap-view-default) .elementor-drop-cap-letter{width:1em;height:1em}.elementor-widget-text-editor .elementor-drop-cap{float:left;text-align:center;line-height:1;font-size:50px}.elementor-widget-text-editor .elementor-drop-cap-letter{display:inline-block}<\/style>\t\t\t\t<p><strong>T\u00cdTOL<\/strong>\u00a0<br \/>Tanz\u00e0nia, perduts per\u00f2 trobats<\/p><p><b>SINOPSIS<br \/><\/b>Dos amics de la inf\u00e0ncia es retroben per emprendre un viatge cap a les terres africanes. Sense cap mena de planificaci\u00f3 es llencen a l\u2019aventura i aix\u00f2 els posa en tota mena de situacions. Veuen la seva vida en perill i han d\u2019unir forces per superar-les. Aquestes experi\u00e8ncies els ajuden a retrobar la seva amistat, obrir la ment, connectar amb l\u2019\u00c0frica i aprendre de la vida.<\/p><p><strong>DIRECCI\u00d3 I PRODUCCI\u00d3:<\/strong> Biel Maci\u00e0 i Dalmau Vil\u00e0<br \/><strong>IDIOMA:<\/strong> Catal\u00e0, V.O.<br \/><strong>DURADA:<\/strong> 22 minuts<br \/><strong>EDAT:<\/strong> Per tots els p\u00fablics<br \/><strong>ESTRENA:<\/strong> Desembre 2020<br \/><strong>G\u00c8NERE:<\/strong> Documental de viatges<br \/><span style=\"color: var( --e-global-color-text ); font-family: var( --e-global-typography-text-font-family ), Sans-serif; background-color: var(--base-2);\"><b><br \/>1 PREMI<br \/><\/b><\/span><span style=\"text-align: center;\">Miquel F\u00e0brega, Millor documental de viatges<\/span><span style=\"color: var( --e-global-color-text ); font-family: var( --e-global-typography-text-font-family ), Sans-serif; background-color: var(--base-2);\"><b><br \/><br \/>3 SELECCIONS<br \/><\/b><\/span><span style=\"text-align: center;\">Premis Miquel F\u00e0brega<\/span><span style=\"color: var( --e-global-color-text ); font-family: var( --e-global-typography-text-font-family ), Sans-serif; background-color: var(--base-2);\"><b><br \/><\/b><\/span><span style=\"color: var( --e-global-color-text ); font-family: var( --e-global-typography-text-font-family ), Sans-serif; font-weight: var( --e-global-typography-text-font-weight ); background-color: var(--base-2);\">Short film catalogue<br \/><\/span><span style=\"color: var( --e-global-color-text ); font-family: var( --e-global-typography-text-font-family ), Sans-serif; font-weight: var( --e-global-typography-text-font-weight ); background-color: var(--base-2);\">Festival de Cine de Palencia<\/span><\/p>\t\t\t\t\t\t<\/div>\n\t\t\t\t<\/div>\n\t\t\t\t\t<\/div>\n\t\t<\/div>\n\t\t\t\t\t\t\t<\/div>\n\t\t<\/section>\n\t\t\t\t<section class=\"elementor-section elementor-top-section elementor-element elementor-element-8e83b84 elementor-section-boxed elementor-section-height-default elementor-section-height-default\" data-id=\"8e83b84\" data-element_type=\"section\">\n\t\t\t\t\t\t<div class=\"elementor-container elementor-column-gap-default\">\n\t\t\t\t\t<div class=\"elementor-column elementor-col-100 elementor-top-column elementor-element elementor-element-c87df54\" data-id=\"c87df54\" data-element_type=\"column\">\n\t\t\t<div class=\"elementor-widget-wrap elementor-element-populated\">\n\t\t\t\t\t\t\t\t<div class=\"elementor-element elementor-element-122c9a5 elementor-widget elementor-widget-heading\" data-id=\"122c9a5\" data-element_type=\"widget\" data-widget_type=\"heading.default\">\n\t\t\t\t<div class=\"elementor-widget-container\">\n\t\t\t<style>\/*! elementor - v3.5.5 - 03-02-2022 *\/\n.elementor-heading-title{padding:0;margin:0;line-height:1}.elementor-widget-heading .elementor-heading-title[class*=elementor-size-]>a{color:inherit;font-size:inherit;line-height:inherit}.elementor-widget-heading .elementor-heading-title.elementor-size-small{font-size:15px}.elementor-widget-heading .elementor-heading-title.elementor-size-medium{font-size:19px}.elementor-widget-heading .elementor-heading-title.elementor-size-large{font-size:29px}.elementor-widget-heading .elementor-heading-title.elementor-size-xl{font-size:39px}.elementor-widget-heading .elementor-heading-title.elementor-size-xxl{font-size:59px}<\/style><h2 class=\"elementor-heading-title elementor-size-xl\">TR\u00c0ILER<\/h2>\t\t<\/div>\n\t\t\t\t<\/div>\n\t\t\t\t\t<\/div>\n\t\t<\/div>\n\t\t\t\t\t\t\t<\/div>\n\t\t<\/section>\n\t\t\t\t<section class=\"elementor-section elementor-top-section elementor-element elementor-element-3a50014 elementor-section-boxed elementor-section-height-default elementor-section-height-default\" data-id=\"3a50014\" data-element_type=\"section\">\n\t\t\t\t\t\t<div class=\"elementor-container elementor-column-gap-default\">\n\t\t\t\t\t<div class=\"elementor-column elementor-col-100 elementor-top-column elementor-element elementor-element-69ff682\" data-id=\"69ff682\" data-element_type=\"column\">\n\t\t\t<div class=\"elementor-widget-wrap elementor-element-populated\">\n\t\t\t\t\t\t\t\t<div class=\"elementor-element elementor-element-e68de0a elementor-aspect-ratio-169 elementor-widget elementor-widget-video\" data-id=\"e68de0a\" data-element_type=\"widget\" data-settings=\"{&quot;video_type&quot;:&quot;vimeo&quot;,&quot;aspect_ratio&quot;:&quot;169&quot;}\" data-widget_type=\"video.default\">\n\t\t\t\t<div class=\"elementor-widget-container\">\n\t\t\t<style>\/*! elementor - v3.5.5 - 03-02-2022 *\/\n.elementor-widget-video .elementor-widget-container{overflow:hidden;-webkit-transform:translateZ(0);transform:translateZ(0)}.elementor-widget-video .elementor-open-inline .elementor-custom-embed-image-overlay{position:absolute;top:0;left:0;width:100%;height:100%;-webkit-background-size:cover;background-size:cover;background-position:50%}.elementor-widget-video .elementor-custom-embed-image-overlay{cursor:pointer;text-align:center}.elementor-widget-video .elementor-custom-embed-image-overlay:hover .elementor-custom-embed-play i{opacity:1}.elementor-widget-video .elementor-custom-embed-image-overlay img{display:block;width:100%}.elementor-widget-video .e-hosted-video .elementor-video{-o-object-fit:cover;object-fit:cover}<\/style>\t\t<div class=\"elementor-wrapper elementor-fit-aspect-ratio elementor-open-inline\">\n\t\t\t<iframe class=\"elementor-video-iframe\" allowfullscreen title=\"Reproductor de v\u00eddeo vimeo\" src=\"https:\/\/player.vimeo.com\/video\/674671308?color&amp;autopause=0&amp;loop=0&amp;muted=0&amp;title=0&amp;portrait=0&amp;byline=0#t=\"><\/iframe>\t\t<\/div>\n\t\t\t\t<\/div>\n\t\t\t\t<\/div>\n\t\t\t\t\t<\/div>\n\t\t<\/div>\n\t\t\t\t\t\t\t<\/div>\n\t\t<\/section>\n\t\t\t\t<section class=\"elementor-section elementor-top-section elementor-element elementor-element-008f995 elementor-section-boxed elementor-section-height-default elementor-section-height-default\" data-id=\"008f995\" data-element_type=\"section\">\n\t\t\t\t\t\t<div class=\"elementor-container elementor-column-gap-default\">\n\t\t\t\t\t<div class=\"elementor-column elementor-col-100 elementor-top-column elementor-element elementor-element-fa3a776\" data-id=\"fa3a776\" data-element_type=\"column\">\n\t\t\t<div class=\"elementor-widget-wrap elementor-element-populated\">\n\t\t\t\t\t\t\t\t<div class=\"elementor-element elementor-element-bb21892 elementor-widget elementor-widget-image\" data-id=\"bb21892\" data-element_type=\"widget\" data-widget_type=\"image.default\">\n\t\t\t\t<div class=\"elementor-widget-container\">\n\t\t\t\t\t\t\t\t\t\t\t\t\t\t\t<img loading=\"lazy\" decoding=\"async\" width=\"2560\" height=\"1697\" src=\"https:\/\/bielmacia.com\/wp-content\/uploads\/2022\/02\/00760014-scaled.jpg\" class=\"attachment-full size-full\" alt=\"\" srcset=\"https:\/\/bielmacia.com\/wp-content\/uploads\/2022\/02\/00760014-scaled.jpg 2560w, https:\/\/bielmacia.com\/wp-content\/uploads\/2022\/02\/00760014-300x199.jpg 300w, https:\/\/bielmacia.com\/wp-content\/uploads\/2022\/02\/00760014-1024x679.jpg 1024w, https:\/\/bielmacia.com\/wp-content\/uploads\/2022\/02\/00760014-768x509.jpg 768w, https:\/\/bielmacia.com\/wp-content\/uploads\/2022\/02\/00760014-1536x1018.jpg 1536w, https:\/\/bielmacia.com\/wp-content\/uploads\/2022\/02\/00760014-2048x1358.jpg 2048w\" sizes=\"auto, (max-width: 2560px) 100vw, 2560px\" \/>\t\t\t\t\t\t\t\t\t\t\t\t\t\t\t<\/div>\n\t\t\t\t<\/div>\n\t\t\t\t<div class=\"elementor-element elementor-element-c93e16f elementor-widget elementor-widget-image\" data-id=\"c93e16f\" data-element_type=\"widget\" data-widget_type=\"image.default\">\n\t\t\t\t<div class=\"elementor-widget-container\">\n\t\t\t\t\t\t\t\t\t\t\t\t\t\t\t<img loading=\"lazy\" decoding=\"async\" width=\"2560\" height=\"1718\" src=\"https:\/\/bielmacia.com\/wp-content\/uploads\/2022\/02\/000017A-scaled.jpg\" class=\"attachment-full size-full\" alt=\"\" srcset=\"https:\/\/bielmacia.com\/wp-content\/uploads\/2022\/02\/000017A-scaled.jpg 2560w, https:\/\/bielmacia.com\/wp-content\/uploads\/2022\/02\/000017A-300x201.jpg 300w, https:\/\/bielmacia.com\/wp-content\/uploads\/2022\/02\/000017A-1024x687.jpg 1024w, https:\/\/bielmacia.com\/wp-content\/uploads\/2022\/02\/000017A-768x515.jpg 768w, https:\/\/bielmacia.com\/wp-content\/uploads\/2022\/02\/000017A-1536x1031.jpg 1536w, https:\/\/bielmacia.com\/wp-content\/uploads\/2022\/02\/000017A-2048x1374.jpg 2048w\" sizes=\"auto, (max-width: 2560px) 100vw, 2560px\" \/>\t\t\t\t\t\t\t\t\t\t\t\t\t\t\t<\/div>\n\t\t\t\t<\/div>\n\t\t\t\t<div class=\"elementor-element elementor-element-b4185dc elementor-widget elementor-widget-image\" data-id=\"b4185dc\" data-element_type=\"widget\" data-widget_type=\"image.default\">\n\t\t\t\t<div class=\"elementor-widget-container\">\n\t\t\t\t\t\t\t\t\t\t\t\t\t\t\t<img loading=\"lazy\" decoding=\"async\" width=\"2560\" height=\"1697\" src=\"https:\/\/bielmacia.com\/wp-content\/uploads\/2022\/02\/00760035-scaled.jpg\" class=\"attachment-full size-full\" alt=\"\" srcset=\"https:\/\/bielmacia.com\/wp-content\/uploads\/2022\/02\/00760035-scaled.jpg 2560w, https:\/\/bielmacia.com\/wp-content\/uploads\/2022\/02\/00760035-300x199.jpg 300w, https:\/\/bielmacia.com\/wp-content\/uploads\/2022\/02\/00760035-1024x679.jpg 1024w, https:\/\/bielmacia.com\/wp-content\/uploads\/2022\/02\/00760035-768x509.jpg 768w, https:\/\/bielmacia.com\/wp-content\/uploads\/2022\/02\/00760035-1536x1018.jpg 1536w, https:\/\/bielmacia.com\/wp-content\/uploads\/2022\/02\/00760035-2048x1358.jpg 2048w\" sizes=\"auto, (max-width: 2560px) 100vw, 2560px\" \/>\t\t\t\t\t\t\t\t\t\t\t\t\t\t\t<\/div>\n\t\t\t\t<\/div>\n\t\t\t\t\t<\/div>\n\t\t<\/div>\n\t\t\t\t\t\t\t<\/div>\n\t\t<\/section>\n\t\t\t\t<section class=\"elementor-section elementor-top-section elementor-element elementor-element-62ce2be elementor-section-boxed elementor-section-height-default elementor-section-height-default\" data-id=\"62ce2be\" data-element_type=\"section\">\n\t\t\t\t\t\t<div class=\"elementor-container elementor-column-gap-default\">\n\t\t\t\t\t<div class=\"elementor-column elementor-col-100 elementor-top-column elementor-element elementor-element-d64b4cc\" data-id=\"d64b4cc\" data-element_type=\"column\">\n\t\t\t<div class=\"elementor-widget-wrap elementor-element-populated\">\n\t\t\t\t\t\t\t\t<div class=\"elementor-element elementor-element-d2e088c elementor-widget elementor-widget-heading\" data-id=\"d2e088c\" data-element_type=\"widget\" data-widget_type=\"heading.default\">\n\t\t\t\t<div class=\"elementor-widget-container\">\n\t\t\t<h2 class=\"elementor-heading-title elementor-size-xl\">DOCUMENTAL<\/h2>\t\t<\/div>\n\t\t\t\t<\/div>\n\t\t\t\t\t<\/div>\n\t\t<\/div>\n\t\t\t\t\t\t\t<\/div>\n\t\t<\/section>\n\t\t\t\t<section class=\"elementor-section elementor-top-section elementor-element elementor-element-7064dc4 elementor-section-boxed elementor-section-height-default elementor-section-height-default\" data-id=\"7064dc4\" data-element_type=\"section\">\n\t\t\t\t\t\t<div class=\"elementor-container elementor-column-gap-default\">\n\t\t\t\t\t<div class=\"elementor-column elementor-col-100 elementor-top-column elementor-element elementor-element-7006346\" data-id=\"7006346\" data-element_type=\"column\">\n\t\t\t<div class=\"elementor-widget-wrap elementor-element-populated\">\n\t\t\t\t\t\t\t\t<div class=\"elementor-element elementor-element-db1e9f2 elementor-aspect-ratio-169 elementor-widget elementor-widget-video\" data-id=\"db1e9f2\" data-element_type=\"widget\" data-settings=\"{&quot;video_type&quot;:&quot;vimeo&quot;,&quot;aspect_ratio&quot;:&quot;169&quot;}\" data-widget_type=\"video.default\">\n\t\t\t\t<div class=\"elementor-widget-container\">\n\t\t\t\t\t<div class=\"elementor-wrapper elementor-fit-aspect-ratio elementor-open-inline\">\n\t\t\t<iframe class=\"elementor-video-iframe\" allowfullscreen title=\"Reproductor de v\u00eddeo vimeo\" src=\"https:\/\/player.vimeo.com\/video\/676110880?color&amp;autopause=0&amp;loop=0&amp;muted=0&amp;title=0&amp;portrait=0&amp;byline=0#t=\"><\/iframe>\t\t<\/div>\n\t\t\t\t<\/div>\n\t\t\t\t<\/div>\n\t\t\t\t\t<\/div>\n\t\t<\/div>\n\t\t\t\t\t\t\t<\/div>\n\t\t<\/section>\n\t\t\t\t\t\t<\/div>\n\t\t\t\t\t<\/div>\n\t\t","protected":false},"excerpt":{"rendered":"<p>T\u00cdTOL\u00a0Tanz\u00e0nia, perduts per\u00f2 trobats SINOPSISDos amics de la inf\u00e0ncia es retroben per emprendre un viatge cap a les terres africanes. Sense cap mena de planificaci\u00f3 es llencen a l\u2019aventura i aix\u00f2 els posa en tota mena de situacions. Veuen la seva vida en perill i han d\u2019unir forces per superar-les. Aquestes experi\u00e8ncies els ajuden a &#8230; <a title=\"TANZ\u00c0NIA\" class=\"read-more\" href=\"https:\/\/bielmacia.com\/index.php\/documentals\/tanzania\/\" aria-label=\"M\u00e9s sobre TANZ\u00c0NIA\">Llegiu m\u00e9s<\/a><\/p>\n","protected":false},"author":1,"featured_media":0,"parent":58,"menu_order":0,"comment_status":"closed","ping_status":"closed","template":"elementor_header_footer","meta":{"footnotes":""},"class_list":["post-267","page","type-page","status-publish"],"_links":{"self":[{"href":"https:\/\/bielmacia.com\/index.php\/wp-json\/wp\/v2\/pages\/267","targetHints":{"allow":["GET"]}}],"collection":[{"href":"https:\/\/bielmacia.com\/index.php\/wp-json\/wp\/v2\/pages"}],"about":[{"href":"https:\/\/bielmacia.com\/index.php\/wp-json\/wp\/v2\/types\/page"}],"author":[{"embeddable":true,"href":"https:\/\/bielmacia.com\/index.php\/wp-json\/wp\/v2\/users\/1"}],"replies":[{"embeddable":true,"href":"https:\/\/bielmacia.com\/index.php\/wp-json\/wp\/v2\/comments?post=267"}],"version-history":[{"count":52,"href":"https:\/\/bielmacia.com\/index.php\/wp-json\/wp\/v2\/pages\/267\/revisions"}],"predecessor-version":[{"id":1420,"href":"https:\/\/bielmacia.com\/index.php\/wp-json\/wp\/v2\/pages\/267\/revisions\/1420"}],"up":[{"embeddable":true,"href":"https:\/\/bielmacia.com\/index.php\/wp-json\/wp\/v2\/pages\/58"}],"wp:attachment":[{"href":"https:\/\/bielmacia.com\/index.php\/wp-json\/wp\/v2\/media?parent=267"}],"curies":[{"name":"wp","href":"https:\/\/api.w.org\/{rel}","templated":true}]}}