{"id":122,"date":"2022-02-06T22:06:47","date_gmt":"2022-02-06T21:06:47","guid":{"rendered":"https:\/\/bielmacia.com\/?page_id=122"},"modified":"2023-11-17T16:02:57","modified_gmt":"2023-11-17T15:02:57","slug":"santorini","status":"publish","type":"page","link":"https:\/\/bielmacia.com\/index.php\/documentals\/santorini\/","title":{"rendered":"SANTORINI"},"content":{"rendered":"\t\t<div data-elementor-type=\"wp-page\" data-elementor-id=\"122\" class=\"elementor elementor-122\" data-elementor-settings=\"[]\">\n\t\t\t\t\t\t\t<div class=\"elementor-section-wrap\">\n\t\t\t\t\t\t\t<section class=\"elementor-section elementor-top-section elementor-element elementor-element-3a9efed elementor-section-boxed elementor-section-height-default elementor-section-height-default\" data-id=\"3a9efed\" data-element_type=\"section\">\n\t\t\t\t\t\t<div class=\"elementor-container elementor-column-gap-default\">\n\t\t\t\t\t<div class=\"elementor-column elementor-col-100 elementor-top-column elementor-element elementor-element-f0948b5\" data-id=\"f0948b5\" data-element_type=\"column\">\n\t\t\t<div class=\"elementor-widget-wrap elementor-element-populated\">\n\t\t\t\t\t\t\t\t<div class=\"elementor-element elementor-element-49280b1 elementor-widget elementor-widget-image\" data-id=\"49280b1\" data-element_type=\"widget\" data-widget_type=\"image.default\">\n\t\t\t\t<div class=\"elementor-widget-container\">\n\t\t\t<style>\/*! elementor - v3.5.5 - 03-02-2022 *\/\n.elementor-widget-image{text-align:center}.elementor-widget-image a{display:inline-block}.elementor-widget-image a img[src$=\".svg\"]{width:48px}.elementor-widget-image img{vertical-align:middle;display:inline-block}<\/style>\t\t\t\t\t\t\t\t\t\t\t\t<img loading=\"lazy\" decoding=\"async\" width=\"724\" height=\"1024\" src=\"https:\/\/bielmacia.com\/wp-content\/uploads\/2022\/02\/PORTADA-1-724x1024.jpg\" class=\"attachment-large size-large\" alt=\"\" srcset=\"https:\/\/bielmacia.com\/wp-content\/uploads\/2022\/02\/PORTADA-1-724x1024.jpg 724w, https:\/\/bielmacia.com\/wp-content\/uploads\/2022\/02\/PORTADA-1-212x300.jpg 212w, https:\/\/bielmacia.com\/wp-content\/uploads\/2022\/02\/PORTADA-1-768x1086.jpg 768w, https:\/\/bielmacia.com\/wp-content\/uploads\/2022\/02\/PORTADA-1-1086x1536.jpg 1086w, https:\/\/bielmacia.com\/wp-content\/uploads\/2022\/02\/PORTADA-1.jpg 1414w\" sizes=\"auto, (max-width: 724px) 100vw, 724px\" \/>\t\t\t\t\t\t\t\t\t\t\t\t\t\t\t<\/div>\n\t\t\t\t<\/div>\n\t\t\t\t<div class=\"elementor-element elementor-element-32cbe43 elementor-widget elementor-widget-text-editor\" data-id=\"32cbe43\" data-element_type=\"widget\" data-widget_type=\"text-editor.default\">\n\t\t\t\t<div class=\"elementor-widget-container\">\n\t\t\t<style>\/*! elementor - v3.5.5 - 03-02-2022 *\/\n.elementor-widget-text-editor.elementor-drop-cap-view-stacked .elementor-drop-cap{background-color:#818a91;color:#fff}.elementor-widget-text-editor.elementor-drop-cap-view-framed .elementor-drop-cap{color:#818a91;border:3px solid;background-color:transparent}.elementor-widget-text-editor:not(.elementor-drop-cap-view-default) .elementor-drop-cap{margin-top:8px}.elementor-widget-text-editor:not(.elementor-drop-cap-view-default) .elementor-drop-cap-letter{width:1em;height:1em}.elementor-widget-text-editor .elementor-drop-cap{float:left;text-align:center;line-height:1;font-size:50px}.elementor-widget-text-editor .elementor-drop-cap-letter{display:inline-block}<\/style>\t\t\t\t<p><b>T\u00cdTOL<br \/><\/b>Santorini, el parad\u00eds del parkour<\/p><p><b>SINOPSIS<br \/><\/b>Dos amics atletes de parkour emprenen una aventura cap a les illes gregues per saltar per aquests parad\u00eds de terrats blancs i blaus. De cam\u00ed, amb una situaci\u00f3 dif\u00edcil a nivell mundial es troben un munt d\u2019obstacles. Atrapats a It\u00e0lia i amb pocs recursos podran arribar finalment al suposat parad\u00eds de Santorini?<\/p><p><strong>DIRECCI\u00d3 I PRODUCCI\u00d3:<\/strong> Biel Maci\u00e0 i David Escobar<br \/><strong>IDIOMA:<\/strong> Catal\u00e0, V.O.<br \/><strong>DURADA:<\/strong> 20 minuts<br \/><strong>EDAT:<\/strong> Per tots els p\u00fablics<br \/><strong>ESTRENA:<\/strong> Desembre 2021<br \/><strong>G\u00c8NERE:<\/strong> Documental de viatges<span style=\"font-weight: bold;\"><br \/><\/span><\/p>\t\t\t\t\t\t<\/div>\n\t\t\t\t<\/div>\n\t\t\t\t\t<\/div>\n\t\t<\/div>\n\t\t\t\t\t\t\t<\/div>\n\t\t<\/section>\n\t\t\t\t<section class=\"elementor-section elementor-top-section elementor-element elementor-element-b64158b elementor-section-boxed elementor-section-height-default elementor-section-height-default\" data-id=\"b64158b\" data-element_type=\"section\">\n\t\t\t\t\t\t<div class=\"elementor-container elementor-column-gap-default\">\n\t\t\t\t\t<div class=\"elementor-column elementor-col-100 elementor-top-column elementor-element elementor-element-b87a904\" data-id=\"b87a904\" data-element_type=\"column\">\n\t\t\t<div class=\"elementor-widget-wrap elementor-element-populated\">\n\t\t\t\t\t\t\t\t<div class=\"elementor-element elementor-element-5709a6b elementor-widget elementor-widget-text-editor\" data-id=\"5709a6b\" data-element_type=\"widget\" data-widget_type=\"text-editor.default\">\n\t\t\t\t<div class=\"elementor-widget-container\">\n\t\t\t\t\t\t\t<h2 style=\"text-align: center;\"><b>TR\u00c0ILER<\/b><\/h2>\t\t\t\t\t\t<\/div>\n\t\t\t\t<\/div>\n\t\t\t\t\t<\/div>\n\t\t<\/div>\n\t\t\t\t\t\t\t<\/div>\n\t\t<\/section>\n\t\t\t\t<section class=\"elementor-section elementor-top-section elementor-element elementor-element-51f9d79 elementor-section-boxed elementor-section-height-default elementor-section-height-default\" data-id=\"51f9d79\" data-element_type=\"section\">\n\t\t\t\t\t\t<div class=\"elementor-container elementor-column-gap-default\">\n\t\t\t\t\t<div class=\"elementor-column elementor-col-100 elementor-top-column elementor-element elementor-element-248ca16\" data-id=\"248ca16\" data-element_type=\"column\">\n\t\t\t<div class=\"elementor-widget-wrap elementor-element-populated\">\n\t\t\t\t\t\t\t\t<div class=\"elementor-element elementor-element-51a3934 elementor-aspect-ratio-169 elementor-widget elementor-widget-video\" data-id=\"51a3934\" data-element_type=\"widget\" data-settings=\"{&quot;video_type&quot;:&quot;vimeo&quot;,&quot;aspect_ratio&quot;:&quot;169&quot;}\" data-widget_type=\"video.default\">\n\t\t\t\t<div class=\"elementor-widget-container\">\n\t\t\t<style>\/*! elementor - v3.5.5 - 03-02-2022 *\/\n.elementor-widget-video .elementor-widget-container{overflow:hidden;-webkit-transform:translateZ(0);transform:translateZ(0)}.elementor-widget-video .elementor-open-inline .elementor-custom-embed-image-overlay{position:absolute;top:0;left:0;width:100%;height:100%;-webkit-background-size:cover;background-size:cover;background-position:50%}.elementor-widget-video .elementor-custom-embed-image-overlay{cursor:pointer;text-align:center}.elementor-widget-video .elementor-custom-embed-image-overlay:hover .elementor-custom-embed-play i{opacity:1}.elementor-widget-video .elementor-custom-embed-image-overlay img{display:block;width:100%}.elementor-widget-video .e-hosted-video .elementor-video{-o-object-fit:cover;object-fit:cover}<\/style>\t\t<div class=\"elementor-wrapper elementor-fit-aspect-ratio elementor-open-inline\">\n\t\t\t<iframe class=\"elementor-video-iframe\" allowfullscreen title=\"Reproductor de v\u00eddeo vimeo\" src=\"https:\/\/player.vimeo.com\/video\/675204169?color&amp;autopause=0&amp;loop=0&amp;muted=0&amp;title=0&amp;portrait=0&amp;byline=0#t=\"><\/iframe>\t\t<\/div>\n\t\t\t\t<\/div>\n\t\t\t\t<\/div>\n\t\t\t\t\t<\/div>\n\t\t<\/div>\n\t\t\t\t\t\t\t<\/div>\n\t\t<\/section>\n\t\t\t\t<section class=\"elementor-section elementor-top-section elementor-element elementor-element-e2e6a3c elementor-section-boxed elementor-section-height-default elementor-section-height-default\" data-id=\"e2e6a3c\" data-element_type=\"section\">\n\t\t\t\t\t\t<div class=\"elementor-container elementor-column-gap-default\">\n\t\t\t\t\t<div class=\"elementor-column elementor-col-100 elementor-top-column elementor-element elementor-element-09a05ba\" data-id=\"09a05ba\" data-element_type=\"column\">\n\t\t\t<div class=\"elementor-widget-wrap elementor-element-populated\">\n\t\t\t\t\t\t\t\t<div class=\"elementor-element elementor-element-fee86e2 elementor-widget elementor-widget-text-editor\" data-id=\"fee86e2\" data-element_type=\"widget\" data-widget_type=\"text-editor.default\">\n\t\t\t\t<div class=\"elementor-widget-container\">\n\t\t\t\t\t\t\t<h1 style=\"text-align: center;\"><span style=\"font-weight: bold;\">4 PREMIS<br \/><\/span><\/h1>\t\t\t\t\t\t<\/div>\n\t\t\t\t<\/div>\n\t\t\t\t<div class=\"elementor-element elementor-element-e38e105 elementor-widget elementor-widget-text-editor\" data-id=\"e38e105\" data-element_type=\"widget\" data-widget_type=\"text-editor.default\">\n\t\t\t\t<div class=\"elementor-widget-container\">\n\t\t\t\t\t\t\t<p style=\"text-align: center;\"><span style=\"text-align: center;\">Parkour film festival, Millor documental<br \/><\/span><span style=\"text-align: center;\">Overtime Sport FilmFestival, Millor fotografia<\/span><br style=\"text-align: center;\" \/><span style=\"text-align: center;\">Miquel F\u00e0brega, Millor documental d\u2019esport<\/span><br style=\"text-align: center;\" \/><span style=\"text-align: center;\">Portobello Film Festival, Millor documental internacional<\/span><\/p>\t\t\t\t\t\t<\/div>\n\t\t\t\t<\/div>\n\t\t\t\t\t<\/div>\n\t\t<\/div>\n\t\t\t\t\t\t\t<\/div>\n\t\t<\/section>\n\t\t\t\t<section class=\"elementor-section elementor-top-section elementor-element elementor-element-1b3a721 elementor-section-boxed elementor-section-height-default elementor-section-height-default\" data-id=\"1b3a721\" data-element_type=\"section\">\n\t\t\t\t\t\t<div class=\"elementor-container elementor-column-gap-default\">\n\t\t\t\t\t<div class=\"elementor-column elementor-col-100 elementor-top-column elementor-element elementor-element-db84992\" data-id=\"db84992\" data-element_type=\"column\">\n\t\t\t<div class=\"elementor-widget-wrap elementor-element-populated\">\n\t\t\t\t\t\t\t\t<div class=\"elementor-element elementor-element-151b5b6 elementor-widget elementor-widget-image\" data-id=\"151b5b6\" data-element_type=\"widget\" data-widget_type=\"image.default\">\n\t\t\t\t<div class=\"elementor-widget-container\">\n\t\t\t\t\t\t\t\t\t\t\t\t\t\t\t<img loading=\"lazy\" decoding=\"async\" width=\"2560\" height=\"1697\" src=\"https:\/\/bielmacia.com\/wp-content\/uploads\/2022\/02\/Santorini-grecia-31-scaled.jpg\" class=\"attachment-full size-full\" alt=\"\" srcset=\"https:\/\/bielmacia.com\/wp-content\/uploads\/2022\/02\/Santorini-grecia-31-scaled.jpg 2560w, https:\/\/bielmacia.com\/wp-content\/uploads\/2022\/02\/Santorini-grecia-31-300x199.jpg 300w, https:\/\/bielmacia.com\/wp-content\/uploads\/2022\/02\/Santorini-grecia-31-1024x679.jpg 1024w, https:\/\/bielmacia.com\/wp-content\/uploads\/2022\/02\/Santorini-grecia-31-768x509.jpg 768w, https:\/\/bielmacia.com\/wp-content\/uploads\/2022\/02\/Santorini-grecia-31-1536x1018.jpg 1536w, https:\/\/bielmacia.com\/wp-content\/uploads\/2022\/02\/Santorini-grecia-31-2048x1358.jpg 2048w\" sizes=\"auto, (max-width: 2560px) 100vw, 2560px\" \/>\t\t\t\t\t\t\t\t\t\t\t\t\t\t\t<\/div>\n\t\t\t\t<\/div>\n\t\t\t\t<div class=\"elementor-element elementor-element-f31f37a elementor-widget elementor-widget-image\" data-id=\"f31f37a\" data-element_type=\"widget\" data-widget_type=\"image.default\">\n\t\t\t\t<div class=\"elementor-widget-container\">\n\t\t\t\t\t\t\t\t\t\t\t\t\t\t\t<img loading=\"lazy\" decoding=\"async\" width=\"2560\" height=\"1919\" src=\"https:\/\/bielmacia.com\/wp-content\/uploads\/2022\/02\/Santorini-grecia-16-edited-scaled.jpg\" class=\"attachment-full size-full\" alt=\"\" srcset=\"https:\/\/bielmacia.com\/wp-content\/uploads\/2022\/02\/Santorini-grecia-16-edited-scaled.jpg 2560w, https:\/\/bielmacia.com\/wp-content\/uploads\/2022\/02\/Santorini-grecia-16-edited-300x225.jpg 300w, https:\/\/bielmacia.com\/wp-content\/uploads\/2022\/02\/Santorini-grecia-16-edited-1024x767.jpg 1024w, https:\/\/bielmacia.com\/wp-content\/uploads\/2022\/02\/Santorini-grecia-16-edited-768x576.jpg 768w, https:\/\/bielmacia.com\/wp-content\/uploads\/2022\/02\/Santorini-grecia-16-edited-1536x1151.jpg 1536w, https:\/\/bielmacia.com\/wp-content\/uploads\/2022\/02\/Santorini-grecia-16-edited-2048x1535.jpg 2048w, https:\/\/bielmacia.com\/wp-content\/uploads\/2022\/02\/Santorini-grecia-16-edited-440x330.jpg 440w, https:\/\/bielmacia.com\/wp-content\/uploads\/2022\/02\/Santorini-grecia-16-edited-920x690.jpg 920w\" sizes=\"auto, (max-width: 2560px) 100vw, 2560px\" \/>\t\t\t\t\t\t\t\t\t\t\t\t\t\t\t<\/div>\n\t\t\t\t<\/div>\n\t\t\t\t<div class=\"elementor-element elementor-element-48277fd elementor-widget elementor-widget-image\" data-id=\"48277fd\" data-element_type=\"widget\" data-widget_type=\"image.default\">\n\t\t\t\t<div class=\"elementor-widget-container\">\n\t\t\t\t\t\t\t\t\t\t\t\t\t\t\t<img loading=\"lazy\" decoding=\"async\" width=\"2188\" height=\"1754\" src=\"https:\/\/bielmacia.com\/wp-content\/uploads\/2022\/02\/Santorini-grecia-12-1.jpg\" class=\"attachment-full size-full\" alt=\"\" srcset=\"https:\/\/bielmacia.com\/wp-content\/uploads\/2022\/02\/Santorini-grecia-12-1.jpg 2188w, https:\/\/bielmacia.com\/wp-content\/uploads\/2022\/02\/Santorini-grecia-12-1-300x240.jpg 300w, https:\/\/bielmacia.com\/wp-content\/uploads\/2022\/02\/Santorini-grecia-12-1-1024x821.jpg 1024w, https:\/\/bielmacia.com\/wp-content\/uploads\/2022\/02\/Santorini-grecia-12-1-768x616.jpg 768w, https:\/\/bielmacia.com\/wp-content\/uploads\/2022\/02\/Santorini-grecia-12-1-1536x1231.jpg 1536w, https:\/\/bielmacia.com\/wp-content\/uploads\/2022\/02\/Santorini-grecia-12-1-2048x1642.jpg 2048w\" sizes=\"auto, (max-width: 2188px) 100vw, 2188px\" \/>\t\t\t\t\t\t\t\t\t\t\t\t\t\t\t<\/div>\n\t\t\t\t<\/div>\n\t\t\t\t\t<\/div>\n\t\t<\/div>\n\t\t\t\t\t\t\t<\/div>\n\t\t<\/section>\n\t\t\t\t<section class=\"elementor-section elementor-top-section elementor-element elementor-element-0492738 elementor-section-boxed elementor-section-height-default elementor-section-height-default\" data-id=\"0492738\" data-element_type=\"section\">\n\t\t\t\t\t\t<div class=\"elementor-container elementor-column-gap-default\">\n\t\t\t\t\t<div class=\"elementor-column elementor-col-100 elementor-top-column elementor-element elementor-element-837f214\" data-id=\"837f214\" data-element_type=\"column\">\n\t\t\t<div class=\"elementor-widget-wrap elementor-element-populated\">\n\t\t\t\t\t\t\t\t<div class=\"elementor-element elementor-element-a4d8f24 elementor-widget elementor-widget-text-editor\" data-id=\"a4d8f24\" data-element_type=\"widget\" data-widget_type=\"text-editor.default\">\n\t\t\t\t<div class=\"elementor-widget-container\">\n\t\t\t\t\t\t\t<h1 style=\"text-align: center;\"><span style=\"font-weight: bold;\">22 SELECCIONS<br \/><\/span><\/h1>\t\t\t\t\t\t<\/div>\n\t\t\t\t<\/div>\n\t\t\t\t<div class=\"elementor-element elementor-element-0e8e825 elementor-widget elementor-widget-text-editor\" data-id=\"0e8e825\" data-element_type=\"widget\" data-widget_type=\"text-editor.default\">\n\t\t\t\t<div class=\"elementor-widget-container\">\n\t\t\t\t\t\t\t<p style=\"text-align: center;\">FILMETS Badalona film festival<br \/>BCN sport film festival<br \/>Premis Miquel F\u00e0brega<br \/>Ferfilm International FilmFestival<br \/>Parkour film festival<br \/>International independent film festival Publicystyka<br \/>Matera sport film festival<br \/><span style=\"color: var( --e-global-color-text ); font-family: var( --e-global-typography-text-font-family ), Sans-serif; font-weight: var( --e-global-typography-text-font-weight ); background-color: var(--base-2);\">Enkarzine<br \/><\/span><span style=\"color: var( --e-global-color-text ); font-family: var( --e-global-typography-text-font-family ), Sans-serif; font-weight: var( --e-global-typography-text-font-weight ); background-color: var(--base-2);\">Aaretaler Kurzfilmtage<br \/><\/span><span style=\"color: var( --e-global-color-text ); font-family: var( --e-global-typography-text-font-family ), Sans-serif; font-weight: var( --e-global-typography-text-font-weight ); background-color: var(--base-2);\">Festival de cinema de Girona<br \/><\/span><span style=\"color: var( --e-global-color-text ); font-family: var( --e-global-typography-text-font-family ), Sans-serif; font-weight: var( --e-global-typography-text-font-weight ); background-color: var(--base-2);\">MOST, Festival Internacional de cine del vino<br \/><\/span><span style=\"color: var( --e-global-color-text ); font-family: var( --e-global-typography-text-font-family ), Sans-serif; font-weight: var( --e-global-typography-text-font-weight ); background-color: var(--base-2);\">Overtime Sport film festival<br \/><\/span><span style=\"color: var( --e-global-color-text ); font-family: var( --e-global-typography-text-font-family ), Sans-serif; font-weight: var( --e-global-typography-text-font-weight ); background-color: var(--base-2);\">CreaSport de Lorca<br \/><\/span><span style=\"color: var( --e-global-color-text ); font-family: var( --e-global-typography-text-font-family ), Sans-serif; font-weight: var( --e-global-typography-text-font-weight ); background-color: var(--base-2);\">Ribadedeva en corto-rec<br \/><\/span><span style=\"color: var( --e-global-color-text ); font-family: var( --e-global-typography-text-font-family ), Sans-serif; font-weight: var( --e-global-typography-text-font-weight ); background-color: var(--base-2);\">Festival de Cine comprometido Guadalajara<br \/><\/span><span style=\"color: var( --e-global-color-text ); font-family: var( --e-global-typography-text-font-family ), Sans-serif; font-weight: var( --e-global-typography-text-font-weight ); background-color: var(--base-2);\">Portobello film festival<br \/><\/span><span style=\"color: var( --e-global-color-text ); font-family: var( --e-global-typography-text-font-family ), Sans-serif; font-weight: var( --e-global-typography-text-font-weight ); background-color: var(--base-2);\">Star Film festival<br \/><\/span><span style=\"color: var( --e-global-color-text ); font-family: var( --e-global-typography-text-font-family ), Sans-serif; font-weight: var( --e-global-typography-text-font-weight ); background-color: var(--base-2);\">Pop corn film festival<br \/><\/span><span style=\"color: var( --e-global-color-text ); font-family: var( --e-global-typography-text-font-family ), Sans-serif; font-weight: var( --e-global-typography-text-font-weight ); background-color: var(--base-2);\">M\u00f3n filmat, Festival Internacional de paisatge<br \/><\/span><span style=\"color: var( --e-global-color-text ); font-family: var( --e-global-typography-text-font-family ), Sans-serif; font-weight: var( --e-global-typography-text-font-weight ); background-color: var(--base-2);\">Andaras traveling film festival<br \/><\/span><span style=\"color: var( --e-global-color-text ); font-family: var( --e-global-typography-text-font-family ), Sans-serif; font-weight: var( --e-global-typography-text-font-weight ); background-color: var(--base-2);\">Festibaldo, barri Sant Roc<br \/><\/span><span style=\"color: var( --e-global-color-text ); font-family: var( --e-global-typography-text-font-family ), Sans-serif; font-weight: var( --e-global-typography-text-font-weight ); background-color: var(--base-2);\">Festiva de cinema en Catal\u00e0 Costa Daurada<\/span><\/p>\t\t\t\t\t\t<\/div>\n\t\t\t\t<\/div>\n\t\t\t\t\t<\/div>\n\t\t<\/div>\n\t\t\t\t\t\t\t<\/div>\n\t\t<\/section>\n\t\t\t\t<section class=\"elementor-section elementor-top-section elementor-element elementor-element-f3cf82b elementor-section-boxed elementor-section-height-default elementor-section-height-default\" data-id=\"f3cf82b\" data-element_type=\"section\">\n\t\t\t\t\t\t<div class=\"elementor-container elementor-column-gap-default\">\n\t\t\t\t\t<div class=\"elementor-column elementor-col-100 elementor-top-column elementor-element elementor-element-87b3caf\" data-id=\"87b3caf\" data-element_type=\"column\">\n\t\t\t<div class=\"elementor-widget-wrap elementor-element-populated\">\n\t\t\t\t\t\t\t\t<div class=\"elementor-element elementor-element-c07c20f elementor-widget elementor-widget-text-editor\" data-id=\"c07c20f\" data-element_type=\"widget\" data-widget_type=\"text-editor.default\">\n\t\t\t\t<div class=\"elementor-widget-container\">\n\t\t\t\t\t\t\t<h2 style=\"text-align: center;\"><b>DOCUMENTAL<\/b><\/h2>\t\t\t\t\t\t<\/div>\n\t\t\t\t<\/div>\n\t\t\t\t\t<\/div>\n\t\t<\/div>\n\t\t\t\t\t\t\t<\/div>\n\t\t<\/section>\n\t\t\t\t\t\t<\/div>\n\t\t\t\t\t<\/div>\n\t\t","protected":false},"excerpt":{"rendered":"<p>T\u00cdTOLSantorini, el parad\u00eds del parkour SINOPSISDos amics atletes de parkour emprenen una aventura cap a les illes gregues per saltar per aquests parad\u00eds de terrats blancs i blaus. De cam\u00ed, amb una situaci\u00f3 dif\u00edcil a nivell mundial es troben un munt d\u2019obstacles. Atrapats a It\u00e0lia i amb pocs recursos podran arribar finalment al suposat parad\u00eds &#8230; <a title=\"SANTORINI\" class=\"read-more\" href=\"https:\/\/bielmacia.com\/index.php\/documentals\/santorini\/\" aria-label=\"M\u00e9s sobre SANTORINI\">Llegiu m\u00e9s<\/a><\/p>\n","protected":false},"author":1,"featured_media":0,"parent":58,"menu_order":0,"comment_status":"closed","ping_status":"closed","template":"elementor_header_footer","meta":{"footnotes":""},"class_list":["post-122","page","type-page","status-publish"],"_links":{"self":[{"href":"https:\/\/bielmacia.com\/index.php\/wp-json\/wp\/v2\/pages\/122","targetHints":{"allow":["GET"]}}],"collection":[{"href":"https:\/\/bielmacia.com\/index.php\/wp-json\/wp\/v2\/pages"}],"about":[{"href":"https:\/\/bielmacia.com\/index.php\/wp-json\/wp\/v2\/types\/page"}],"author":[{"embeddable":true,"href":"https:\/\/bielmacia.com\/index.php\/wp-json\/wp\/v2\/users\/1"}],"replies":[{"embeddable":true,"href":"https:\/\/bielmacia.com\/index.php\/wp-json\/wp\/v2\/comments?post=122"}],"version-history":[{"count":45,"href":"https:\/\/bielmacia.com\/index.php\/wp-json\/wp\/v2\/pages\/122\/revisions"}],"predecessor-version":[{"id":3191,"href":"https:\/\/bielmacia.com\/index.php\/wp-json\/wp\/v2\/pages\/122\/revisions\/3191"}],"up":[{"embeddable":true,"href":"https:\/\/bielmacia.com\/index.php\/wp-json\/wp\/v2\/pages\/58"}],"wp:attachment":[{"href":"https:\/\/bielmacia.com\/index.php\/wp-json\/wp\/v2\/media?parent=122"}],"curies":[{"name":"wp","href":"https:\/\/api.w.org\/{rel}","templated":true}]}}